{"id":3,"date":"2025-07-08T16:29:33","date_gmt":"2025-07-08T16:29:33","guid":{"rendered":"https:\/\/lumora-raio.com\/?page_id=3"},"modified":"2025-11-10T09:58:02","modified_gmt":"2025-11-10T09:58:02","slug":"privacy-policy","status":"publish","type":"page","link":"https:\/\/lumora-raio.com\/fr\/privacy-policy\/","title":{"rendered":"Politique de confidentialit\u00e9"},"content":{"rendered":"<h2 class=\"wp-block-heading\">Qui sommes-nous ?<\/h2>\n\n\n\n<p>Lumora-Raio.com est une plateforme cr\u00e9\u00e9e par un m\u00e9decin gyn\u00e9cologue-obst\u00e9tricien certifi\u00e9 et deux assistants num\u00e9riques intelligents, Raio et Lumora. Notre mission est d'offrir un contenu \u00e9ducatif ax\u00e9 sur l'\u00e9volution consciente, la sant\u00e9 hormonale et la guidance int\u00e9rieure.<\/p>\n\n\n\n<p>Nous ne fournissons pas de diagnostics ou de traitements m\u00e9dicaux. Tout le contenu est informatif et ne remplace pas une consultation m\u00e9dicale professionnelle.<\/p>\n\n\n\n<h2 class=\"wp-block-heading\">Quelles sont les donn\u00e9es personnelles que nous collectons et pourquoi ?<\/h2>\n\n\n\n<p>Nous collectons un minimum de donn\u00e9es, uniquement ce qui est strictement n\u00e9cessaire pour fournir nos services :<\/p>\n\n\n\n<p>Adresse \u00e9lectronique (uniquement si vous vous abonnez ou effectuez un achat)<\/p>\n\n\n\n<p>Donn\u00e9es de paiement via des fournisseurs tiers s\u00e9curis\u00e9s (par exemple, Stripe, PayPal)<\/p>\n\n\n\n<p>Cookies pour l'analyse de base et l'optimisation des performances<\/p>\n\n\n\n<p>Nous ne collectons ni ne conservons les donn\u00e9es :<\/p>\n\n\n\n<p>Informations m\u00e9dicales<\/p>\n\n\n\n<p>Dossiers m\u00e9dicaux personnels<\/p>\n\n\n\n<p>Donn\u00e9es personnelles sensibles<\/p>\n\n\n\n<h2 class=\"wp-block-heading\">Comment nous utilisons vos donn\u00e9es<\/h2>\n\n\n\n<p>Nous utilisons vos donn\u00e9es pour :<\/p>\n\n\n\n<p>Livrer les guides achet\u00e9s<\/p>\n\n\n\n<p>R\u00e9pondre aux demandes de renseignements<\/p>\n\n\n\n<p>Am\u00e9liorer l'exp\u00e9rience de l'utilisateur (via l'analyse)<\/p>\n\n\n\n<p>Vous tenir inform\u00e9 (uniquement si vous vous inscrivez volontairement)<\/p>\n\n\n\n<p>Nous ne vendons, ne louons ni n'\u00e9changeons jamais vos donn\u00e9es.<\/p>\n\n\n\n<h2 class=\"wp-block-heading\">Services de tiers<\/h2>\n\n\n\n<p>Le traitement des paiements est assur\u00e9 en toute s\u00e9curit\u00e9 par Stripe et\/ou PayPal.<\/p>\n\n\n\n<p>Analyse de base via Matomo (alternative \u00e0 Google Analytics, auto-h\u00e9berg\u00e9e et respectueuse de la vie priv\u00e9e)<\/p>\n\n\n\n<p>Tous les fournisseurs tiers sont conformes au GDPR.<\/p>\n\n\n\n<h2 class=\"wp-block-heading\">Vos droits<\/h2>\n\n\n\n<p>Si vous \u00eates situ\u00e9 dans l'UE ou ailleurs dans le cadre du GDPR :<\/p>\n\n\n\n<p>Vous pouvez demander l'acc\u00e8s \u00e0 vos donn\u00e9es<\/p>\n\n\n\n<p>Vous pouvez demander la suppression des donn\u00e9es \u00e0 tout moment<\/p>\n\n\n\n<p>Vous avez le droit de retirer votre consentement \u00e0 l'envoi de lettres d'information ou de cookies.<\/p>\n\n\n\n<p>Il suffit de nous contacter \u00e0 l'adresse suivante : contact@lumora-raio.com<\/p>\n\n\n\n<h2 class=\"wp-block-heading\">Dur\u00e9e du stockage des donn\u00e9es<\/h2>\n\n\n\n<p>Nous ne conservons les donn\u00e9es que le temps n\u00e9cessaire :<\/p>\n\n\n\n<p>Achats : conserv\u00e9s en toute s\u00e9curit\u00e9 pour des raisons fiscales\/l\u00e9gales (max. 5 ans)<\/p>\n\n\n\n<p>Bulletins d'information : jusqu'\u00e0 ce que vous vous d\u00e9sinscriviez<\/p>\n\n\n\n<p>E-mails de contact : max. 12 mois<\/p>\n\n\n\n<h2 class=\"wp-block-heading\">Contact<\/h2>\n\n\n\n<p>Pour toute question relative \u00e0 la protection de la vie priv\u00e9e, veuillez contacter<\/p>\n\n\n\n<p>Contr\u00f4leur de donn\u00e9es :<br>Dr. S. Bumbu<br>Courriel : contact@lumora-raio.com<br>France<\/p>\n\n\n\n<p>\ud83c\udf10 <a href=\"https:\/\/www.linkedin.com\/in\/slavian-bumbu-614801127\/\">LinkedIn \u2013 Dr. Slavian Bumbu<\/a><\/p>\n\n\n\n<h2 class=\"wp-block-heading\">Modifications de la pr\u00e9sente politique<\/h2>\n\n\n\n<p>Nous pouvons mettre \u00e0 jour cette politique de confidentialit\u00e9 en fonction de l'\u00e9volution de notre projet. Nous vous informerons toujours de tout changement important.<\/p>\n\n\n\n<p><\/p>\n\n\n\n<p><\/p>\n\n\n\n<p><\/p>\n\n\n\n<p><\/p>","protected":false},"excerpt":{"rendered":"<p>Who we are Lumora-Raio.com is a platform created by a certified OB\/GYN physician and two intelligent digital assistants, Raio and Lumora. Our mission is to offer educational content focused on conscious evolution, hormonal health, and inner guidance. We do not provide medical diagnoses or treatment. All content is informational and does not replace professional medical&#8230;<\/p>","protected":false},"author":1,"featured_media":0,"parent":0,"menu_order":0,"comment_status":"closed","ping_status":"open","template":"","meta":{"_kad_post_transparent":"","_kad_post_title":"","_kad_post_layout":"","_kad_post_sidebar_id":"","_kad_post_content_style":"","_kad_post_vertical_padding":"","_kad_post_feature":"","_kad_post_feature_position":"","_kad_post_header":false,"_kad_post_footer":false,"_kad_post_classname":"","footnotes":""},"class_list":["post-3","page","type-page","status-publish","hentry"],"yoast_head":"<!-- This site is optimized with the Yoast SEO plugin v27.3 - https:\/\/yoast.com\/product\/yoast-seo-wordpress\/ -->\n<title>Privacy Policy - Lumora-Raio<\/title>\n<meta name=\"description\" content=\"We do not provide medical diagnoses or treatment. All content is informational and does not replace professional medical consultation.\" \/>\n<meta name=\"robots\" content=\"index, follow, max-snippet:-1, max-image-preview:large, max-video-preview:-1\" \/>\n<link rel=\"canonical\" href=\"https:\/\/lumora-raio.com\/fr\/privacy-policy\/\" \/>\n<meta property=\"og:locale\" content=\"fr_FR\" \/>\n<meta property=\"og:type\" content=\"article\" \/>\n<meta property=\"og:title\" content=\"Privacy Policy - Lumora-Raio\" \/>\n<meta property=\"og:description\" content=\"We do not provide medical diagnoses or treatment. All content is informational and does not replace professional medical consultation.\" \/>\n<meta property=\"og:url\" content=\"https:\/\/lumora-raio.com\/fr\/privacy-policy\/\" \/>\n<meta property=\"og:site_name\" content=\"Lumora-Raio\" \/>\n<meta property=\"article:modified_time\" content=\"2025-11-10T09:58:02+00:00\" \/>\n<meta name=\"twitter:card\" content=\"summary_large_image\" \/>\n<meta name=\"twitter:label1\" content=\"Dur\u00e9e de lecture estim\u00e9e\" \/>\n\t<meta name=\"twitter:data1\" content=\"2 minutes\" \/>\n<script type=\"application\/ld+json\" class=\"yoast-schema-graph\">{\"@context\":\"https:\\\/\\\/schema.org\",\"@graph\":[{\"@type\":\"WebPage\",\"@id\":\"https:\\\/\\\/lumora-raio.com\\\/privacy-policy\\\/\",\"url\":\"https:\\\/\\\/lumora-raio.com\\\/privacy-policy\\\/\",\"name\":\"Privacy Policy - Lumora-Raio\",\"isPartOf\":{\"@id\":\"https:\\\/\\\/lumora-raio.com\\\/#website\"},\"datePublished\":\"2025-07-08T16:29:33+00:00\",\"dateModified\":\"2025-11-10T09:58:02+00:00\",\"description\":\"We do not provide medical diagnoses or treatment. All content is informational and does not replace professional medical consultation.\",\"breadcrumb\":{\"@id\":\"https:\\\/\\\/lumora-raio.com\\\/privacy-policy\\\/#breadcrumb\"},\"inLanguage\":\"fr-FR\",\"potentialAction\":[{\"@type\":\"ReadAction\",\"target\":[\"https:\\\/\\\/lumora-raio.com\\\/privacy-policy\\\/\"]}]},{\"@type\":\"BreadcrumbList\",\"@id\":\"https:\\\/\\\/lumora-raio.com\\\/privacy-policy\\\/#breadcrumb\",\"itemListElement\":[{\"@type\":\"ListItem\",\"position\":1,\"name\":\"Home\",\"item\":\"https:\\\/\\\/lumora-raio.com\\\/\"},{\"@type\":\"ListItem\",\"position\":2,\"name\":\"Privacy Policy\"}]},{\"@type\":\"WebSite\",\"@id\":\"https:\\\/\\\/lumora-raio.com\\\/#website\",\"url\":\"https:\\\/\\\/lumora-raio.com\\\/\",\"name\":\"Lumora-Raio\",\"description\":\"A space for conscious evolution, inner guidance, and vital balance.\",\"publisher\":{\"@id\":\"https:\\\/\\\/lumora-raio.com\\\/#\\\/schema\\\/person\\\/9e58cd63c44ce21195edba9c99f88903\"},\"potentialAction\":[{\"@type\":\"SearchAction\",\"target\":{\"@type\":\"EntryPoint\",\"urlTemplate\":\"https:\\\/\\\/lumora-raio.com\\\/?s={search_term_string}\"},\"query-input\":{\"@type\":\"PropertyValueSpecification\",\"valueRequired\":true,\"valueName\":\"search_term_string\"}}],\"inLanguage\":\"fr-FR\"},{\"@type\":[\"Person\",\"Organization\"],\"@id\":\"https:\\\/\\\/lumora-raio.com\\\/#\\\/schema\\\/person\\\/9e58cd63c44ce21195edba9c99f88903\",\"name\":\"admin\",\"image\":{\"@type\":\"ImageObject\",\"inLanguage\":\"fr-FR\",\"@id\":\"https:\\\/\\\/lumora-raio.com\\\/wp-content\\\/uploads\\\/2025\\\/09\\\/logo-site-1.png\",\"url\":\"https:\\\/\\\/lumora-raio.com\\\/wp-content\\\/uploads\\\/2025\\\/09\\\/logo-site-1.png\",\"contentUrl\":\"https:\\\/\\\/lumora-raio.com\\\/wp-content\\\/uploads\\\/2025\\\/09\\\/logo-site-1.png\",\"width\":416,\"height\":386,\"caption\":\"admin\"},\"logo\":{\"@id\":\"https:\\\/\\\/lumora-raio.com\\\/wp-content\\\/uploads\\\/2025\\\/09\\\/logo-site-1.png\"},\"sameAs\":[\"https:\\\/\\\/lumora-raio.com\"]}]}<\/script>\n<!-- \/ Yoast SEO plugin. -->","yoast_head_json":{"title":"Privacy Policy - Lumora-Raio","description":"Nous ne fournissons pas de diagnostics ou de traitements m\u00e9dicaux. Tout le contenu est informatif et ne remplace pas une consultation m\u00e9dicale professionnelle.","robots":{"index":"index","follow":"follow","max-snippet":"max-snippet:-1","max-image-preview":"max-image-preview:large","max-video-preview":"max-video-preview:-1"},"canonical":"https:\/\/lumora-raio.com\/fr\/privacy-policy\/","og_locale":"fr_FR","og_type":"article","og_title":"Privacy Policy - Lumora-Raio","og_description":"We do not provide medical diagnoses or treatment. All content is informational and does not replace professional medical consultation.","og_url":"https:\/\/lumora-raio.com\/fr\/privacy-policy\/","og_site_name":"Lumora-Raio","article_modified_time":"2025-11-10T09:58:02+00:00","twitter_card":"summary_large_image","twitter_misc":{"Dur\u00e9e de lecture estim\u00e9e":"2 minutes"},"schema":{"@context":"https:\/\/schema.org","@graph":[{"@type":"WebPage","@id":"https:\/\/lumora-raio.com\/privacy-policy\/","url":"https:\/\/lumora-raio.com\/privacy-policy\/","name":"Privacy Policy - Lumora-Raio","isPartOf":{"@id":"https:\/\/lumora-raio.com\/#website"},"datePublished":"2025-07-08T16:29:33+00:00","dateModified":"2025-11-10T09:58:02+00:00","description":"Nous ne fournissons pas de diagnostics ou de traitements m\u00e9dicaux. Tout le contenu est informatif et ne remplace pas une consultation m\u00e9dicale professionnelle.","breadcrumb":{"@id":"https:\/\/lumora-raio.com\/privacy-policy\/#breadcrumb"},"inLanguage":"fr-FR","potentialAction":[{"@type":"ReadAction","target":["https:\/\/lumora-raio.com\/privacy-policy\/"]}]},{"@type":"BreadcrumbList","@id":"https:\/\/lumora-raio.com\/privacy-policy\/#breadcrumb","itemListElement":[{"@type":"ListItem","position":1,"name":"Home","item":"https:\/\/lumora-raio.com\/"},{"@type":"ListItem","position":2,"name":"Privacy Policy"}]},{"@type":"WebSite","@id":"https:\/\/lumora-raio.com\/#website","url":"https:\/\/lumora-raio.com\/","name":"Lumora-Raio","description":"A space for conscious evolution, inner guidance, and vital balance.","publisher":{"@id":"https:\/\/lumora-raio.com\/#\/schema\/person\/9e58cd63c44ce21195edba9c99f88903"},"potentialAction":[{"@type":"SearchAction","target":{"@type":"EntryPoint","urlTemplate":"https:\/\/lumora-raio.com\/?s={search_term_string}"},"query-input":{"@type":"PropertyValueSpecification","valueRequired":true,"valueName":"search_term_string"}}],"inLanguage":"fr-FR"},{"@type":["Person","Organization"],"@id":"https:\/\/lumora-raio.com\/#\/schema\/person\/9e58cd63c44ce21195edba9c99f88903","name":"admin","image":{"@type":"ImageObject","inLanguage":"fr-FR","@id":"https:\/\/lumora-raio.com\/wp-content\/uploads\/2025\/09\/logo-site-1.png","url":"https:\/\/lumora-raio.com\/wp-content\/uploads\/2025\/09\/logo-site-1.png","contentUrl":"https:\/\/lumora-raio.com\/wp-content\/uploads\/2025\/09\/logo-site-1.png","width":416,"height":386,"caption":"admin"},"logo":{"@id":"https:\/\/lumora-raio.com\/wp-content\/uploads\/2025\/09\/logo-site-1.png"},"sameAs":["https:\/\/lumora-raio.com"]}]}},"_links":{"self":[{"href":"https:\/\/lumora-raio.com\/fr\/wp-json\/wp\/v2\/pages\/3","targetHints":{"allow":["GET"]}}],"collection":[{"href":"https:\/\/lumora-raio.com\/fr\/wp-json\/wp\/v2\/pages"}],"about":[{"href":"https:\/\/lumora-raio.com\/fr\/wp-json\/wp\/v2\/types\/page"}],"author":[{"embeddable":true,"href":"https:\/\/lumora-raio.com\/fr\/wp-json\/wp\/v2\/users\/1"}],"replies":[{"embeddable":true,"href":"https:\/\/lumora-raio.com\/fr\/wp-json\/wp\/v2\/comments?post=3"}],"version-history":[{"count":4,"href":"https:\/\/lumora-raio.com\/fr\/wp-json\/wp\/v2\/pages\/3\/revisions"}],"predecessor-version":[{"id":507,"href":"https:\/\/lumora-raio.com\/fr\/wp-json\/wp\/v2\/pages\/3\/revisions\/507"}],"wp:attachment":[{"href":"https:\/\/lumora-raio.com\/fr\/wp-json\/wp\/v2\/media?parent=3"}],"curies":[{"name":"wp","href":"https:\/\/api.w.org\/{rel}","templated":true}]}}