{"id":389,"date":"2025-10-22T19:56:03","date_gmt":"2025-10-22T19:56:03","guid":{"rendered":"https:\/\/lumora-raio.com\/?page_id=389"},"modified":"2026-03-24T20:54:20","modified_gmt":"2026-03-24T20:54:20","slug":"education","status":"publish","type":"page","link":"https:\/\/lumora-raio.com\/fr\/education\/","title":{"rendered":"\u00c9ducation"},"content":{"rendered":"<ul class=\"wp-block-latest-posts__list has-dates wp-block-latest-posts\"><li><div class=\"wp-block-latest-posts__featured-image\"><img loading=\"lazy\" decoding=\"async\" width=\"150\" height=\"150\" src=\"https:\/\/lumora-raio.com\/wp-content\/uploads\/2026\/03\/im-1-150x150.png\" class=\"attachment-thumbnail size-thumbnail wp-post-image\" alt=\"\" style=\"\" \/><\/div><a class=\"wp-block-latest-posts__post-title\" href=\"https:\/\/lumora-raio.com\/fr\/le-hpv-papillomavirus-humain\/\">VPH (Virus du papillome humain)<\/a><time datetime=\"2026-03-24T20:24:33+00:00\" class=\"wp-block-latest-posts__post-date\">24\/03\/2026<\/time><div class=\"wp-block-latest-posts__post-excerpt\">\ud83c\uddeb\ud83c\uddf7 HPV expliqu\u00e9 simplement Transmission, protection et pr\u00e9vention expliqu\u00e9es clairement. \u25b6 Voir la vid\u00e9o \ud83c\uddec\ud83c\udde7 HPV explained simply Clear explanation of transmission, protection and prevention. \u25b6\ufe0f Watch the video \ud83c\uddea\ud83c\uddf8 HPV explicado de forma simple Transmisi\u00f3n, protecci\u00f3n y prevenci\u00f3n explicadas claramente. \ud83c\uddf7\ud83c\uddf4 HPV explicat simplu Transmitere, protec\u021bie \u0219i preven\u021bie explicate clar. Bibliographie \/ Bibliography \/&#8230;<\/div><\/li>\n<li><div class=\"wp-block-latest-posts__featured-image\"><img loading=\"lazy\" decoding=\"async\" width=\"150\" height=\"150\" src=\"https:\/\/lumora-raio.com\/wp-content\/uploads\/2025\/12\/ChatGPT-Image-Dec-8-2025-12_54_41-PM-150x150.png\" class=\"attachment-thumbnail size-thumbnail wp-post-image\" alt=\"\" style=\"\" \/><\/div><a class=\"wp-block-latest-posts__post-title\" href=\"https:\/\/lumora-raio.com\/fr\/tip-5-puberty-unfolding-the-realm-of-metamorphosis-10-14-years-hormonal-reconfiguration-in-action\/\">TIP 5 \u2014 La pubert\u00e9 en transformation : le royaume de la m\u00e9tamorphose (10\u201314 ans) \u2014 reconfiguration hormonale en action<\/a><time datetime=\"2025-12-08T12:05:51+00:00\" class=\"wp-block-latest-posts__post-date\">08\/12\/2025<\/time><div class=\"wp-block-latest-posts__post-excerpt\">Stable routines, flexible emotions \u2014 Keep predictable rhythms for sleep, meals, and schoolwork; they help stabilize mood swings driven by hormonal shifts.Support emotional storms \u2014 Validate feelings (\u201cI see this is difficult\u201d), keep communication open, avoid minimizing struggles.Fuel for growth \u2014 Prioritize proteins, iron-rich foods, omega-3, vegetables\/fruits, and hydration; puberty accelerates metabolic demand.Healthy boundaries with&#8230;<\/div><\/li>\n<li><div class=\"wp-block-latest-posts__featured-image\"><img loading=\"lazy\" decoding=\"async\" width=\"150\" height=\"150\" src=\"https:\/\/lumora-raio.com\/wp-content\/uploads\/2025\/11\/3-6-pagin-site-tip4-150x150.png\" class=\"attachment-thumbnail size-thumbnail wp-post-image\" alt=\"\" style=\"\" \/><\/div><a class=\"wp-block-latest-posts__post-title\" href=\"https:\/\/lumora-raio.com\/fr\/tip-4\/\">Conseil n\u00ba 4 : Les ailes du savoir (6 \u00e0 10 ans)<\/a><time datetime=\"2025-11-27T11:04:04+00:00\" class=\"wp-block-latest-posts__post-date\">27\/11\/2025<\/time><div class=\"wp-block-latest-posts__post-excerpt\">Hormonal Harmony in the Making Between the ages of 6 and 10, a child\u2019s hormonal world slowly awakens \u2014 subtly, quietly, but powerfully.This phase is not yet puberty, but it sets the hormonal tone for how smoothly puberty will unfold later. At this stage, the child develops: These years are ideal for supporting the child\u2019s&#8230;<\/div><\/li>\n<\/ul>\n\n\n<p><\/p>","protected":false},"excerpt":{"rendered":"","protected":false},"author":1,"featured_media":396,"parent":0,"menu_order":0,"comment_status":"closed","ping_status":"closed","template":"","meta":{"_kad_post_transparent":"","_kad_post_title":"","_kad_post_layout":"","_kad_post_sidebar_id":"","_kad_post_content_style":"","_kad_post_vertical_padding":"","_kad_post_feature":"","_kad_post_feature_position":"","_kad_post_header":false,"_kad_post_footer":false,"_kad_post_classname":"","footnotes":""},"class_list":["post-389","page","type-page","status-publish","has-post-thumbnail","hentry"],"yoast_head":"<!-- This site is optimized with the Yoast SEO plugin v27.3 - https:\/\/yoast.com\/product\/yoast-seo-wordpress\/ -->\n<title>Women\u2019s Health Education- Lumora-Raio<\/title>\n<meta name=\"description\" content=\"Explore women\u2019s health tips and the Lumora-Raio Hormonal Health Guide. Science-based insights from prenatal life to postmenopause.\" \/>\n<meta name=\"robots\" content=\"index, follow, max-snippet:-1, max-image-preview:large, max-video-preview:-1\" \/>\n<link rel=\"canonical\" href=\"https:\/\/lumora-raio.com\/fr\/education\/\" \/>\n<meta property=\"og:locale\" content=\"fr_FR\" \/>\n<meta property=\"og:type\" content=\"article\" \/>\n<meta property=\"og:title\" content=\"Women\u2019s Health Education- Lumora-Raio\" \/>\n<meta property=\"og:description\" content=\"Explore women\u2019s health tips and the Lumora-Raio Hormonal Health Guide. Science-based insights from prenatal life to postmenopause.\" \/>\n<meta property=\"og:url\" content=\"https:\/\/lumora-raio.com\/fr\/education\/\" \/>\n<meta property=\"og:site_name\" content=\"Lumora-Raio\" \/>\n<meta property=\"article:modified_time\" content=\"2026-03-24T20:54:20+00:00\" \/>\n<meta property=\"og:image\" content=\"https:\/\/lumora-raio.com\/wp-content\/uploads\/2025\/10\/ChatGPT-Image-Oct-22-2025-10_39_57-PM-683x1024.png\" \/>\n\t<meta property=\"og:image:width\" content=\"683\" \/>\n\t<meta property=\"og:image:height\" content=\"1024\" \/>\n\t<meta property=\"og:image:type\" content=\"image\/png\" \/>\n<meta name=\"twitter:card\" content=\"summary_large_image\" \/>\n<meta name=\"twitter:label1\" content=\"Dur\u00e9e de lecture estim\u00e9e\" \/>\n\t<meta name=\"twitter:data1\" content=\"1 minute\" \/>\n<script type=\"application\/ld+json\" class=\"yoast-schema-graph\">{\"@context\":\"https:\\\/\\\/schema.org\",\"@graph\":[{\"@type\":\"WebPage\",\"@id\":\"https:\\\/\\\/lumora-raio.com\\\/education\\\/\",\"url\":\"https:\\\/\\\/lumora-raio.com\\\/education\\\/\",\"name\":\"Women\u2019s Health Education- Lumora-Raio\",\"isPartOf\":{\"@id\":\"https:\\\/\\\/lumora-raio.com\\\/#website\"},\"primaryImageOfPage\":{\"@id\":\"https:\\\/\\\/lumora-raio.com\\\/education\\\/#primaryimage\"},\"image\":{\"@id\":\"https:\\\/\\\/lumora-raio.com\\\/education\\\/#primaryimage\"},\"thumbnailUrl\":\"https:\\\/\\\/lumora-raio.com\\\/wp-content\\\/uploads\\\/2025\\\/10\\\/ChatGPT-Image-Oct-22-2025-10_39_57-PM.png\",\"datePublished\":\"2025-10-22T19:56:03+00:00\",\"dateModified\":\"2026-03-24T20:54:20+00:00\",\"description\":\"Explore women\u2019s health tips and the Lumora-Raio Hormonal Health Guide. Science-based insights from prenatal life to postmenopause.\",\"breadcrumb\":{\"@id\":\"https:\\\/\\\/lumora-raio.com\\\/education\\\/#breadcrumb\"},\"inLanguage\":\"fr-FR\",\"potentialAction\":[{\"@type\":\"ReadAction\",\"target\":[\"https:\\\/\\\/lumora-raio.com\\\/education\\\/\"]}]},{\"@type\":\"ImageObject\",\"inLanguage\":\"fr-FR\",\"@id\":\"https:\\\/\\\/lumora-raio.com\\\/education\\\/#primaryimage\",\"url\":\"https:\\\/\\\/lumora-raio.com\\\/wp-content\\\/uploads\\\/2025\\\/10\\\/ChatGPT-Image-Oct-22-2025-10_39_57-PM.png\",\"contentUrl\":\"https:\\\/\\\/lumora-raio.com\\\/wp-content\\\/uploads\\\/2025\\\/10\\\/ChatGPT-Image-Oct-22-2025-10_39_57-PM.png\",\"width\":1024,\"height\":1536},{\"@type\":\"BreadcrumbList\",\"@id\":\"https:\\\/\\\/lumora-raio.com\\\/education\\\/#breadcrumb\",\"itemListElement\":[{\"@type\":\"ListItem\",\"position\":1,\"name\":\"Home\",\"item\":\"https:\\\/\\\/lumora-raio.com\\\/\"},{\"@type\":\"ListItem\",\"position\":2,\"name\":\"Education\"}]},{\"@type\":\"WebSite\",\"@id\":\"https:\\\/\\\/lumora-raio.com\\\/#website\",\"url\":\"https:\\\/\\\/lumora-raio.com\\\/\",\"name\":\"Lumora-Raio\",\"description\":\"A space for conscious evolution, inner guidance, and vital balance.\",\"publisher\":{\"@id\":\"https:\\\/\\\/lumora-raio.com\\\/#\\\/schema\\\/person\\\/9e58cd63c44ce21195edba9c99f88903\"},\"potentialAction\":[{\"@type\":\"SearchAction\",\"target\":{\"@type\":\"EntryPoint\",\"urlTemplate\":\"https:\\\/\\\/lumora-raio.com\\\/?s={search_term_string}\"},\"query-input\":{\"@type\":\"PropertyValueSpecification\",\"valueRequired\":true,\"valueName\":\"search_term_string\"}}],\"inLanguage\":\"fr-FR\"},{\"@type\":[\"Person\",\"Organization\"],\"@id\":\"https:\\\/\\\/lumora-raio.com\\\/#\\\/schema\\\/person\\\/9e58cd63c44ce21195edba9c99f88903\",\"name\":\"admin\",\"image\":{\"@type\":\"ImageObject\",\"inLanguage\":\"fr-FR\",\"@id\":\"https:\\\/\\\/lumora-raio.com\\\/wp-content\\\/uploads\\\/2025\\\/09\\\/logo-site-1.png\",\"url\":\"https:\\\/\\\/lumora-raio.com\\\/wp-content\\\/uploads\\\/2025\\\/09\\\/logo-site-1.png\",\"contentUrl\":\"https:\\\/\\\/lumora-raio.com\\\/wp-content\\\/uploads\\\/2025\\\/09\\\/logo-site-1.png\",\"width\":416,\"height\":386,\"caption\":\"admin\"},\"logo\":{\"@id\":\"https:\\\/\\\/lumora-raio.com\\\/wp-content\\\/uploads\\\/2025\\\/09\\\/logo-site-1.png\"},\"sameAs\":[\"https:\\\/\\\/lumora-raio.com\"]}]}<\/script>\n<!-- \/ Yoast SEO plugin. -->","yoast_head_json":{"title":"Women\u2019s Health Education- Lumora-Raio","description":"Explore women\u2019s health tips and the Lumora-Raio Hormonal Health Guide. Science-based insights from prenatal life to postmenopause.","robots":{"index":"index","follow":"follow","max-snippet":"max-snippet:-1","max-image-preview":"max-image-preview:large","max-video-preview":"max-video-preview:-1"},"canonical":"https:\/\/lumora-raio.com\/fr\/education\/","og_locale":"fr_FR","og_type":"article","og_title":"Women\u2019s Health Education- Lumora-Raio","og_description":"Explore women\u2019s health tips and the Lumora-Raio Hormonal Health Guide. Science-based insights from prenatal life to postmenopause.","og_url":"https:\/\/lumora-raio.com\/fr\/education\/","og_site_name":"Lumora-Raio","article_modified_time":"2026-03-24T20:54:20+00:00","og_image":[{"width":683,"height":1024,"url":"https:\/\/lumora-raio.com\/wp-content\/uploads\/2025\/10\/ChatGPT-Image-Oct-22-2025-10_39_57-PM-683x1024.png","type":"image\/png"}],"twitter_card":"summary_large_image","twitter_misc":{"Dur\u00e9e de lecture estim\u00e9e":"1 minute"},"schema":{"@context":"https:\/\/schema.org","@graph":[{"@type":"WebPage","@id":"https:\/\/lumora-raio.com\/education\/","url":"https:\/\/lumora-raio.com\/education\/","name":"Women\u2019s Health Education- Lumora-Raio","isPartOf":{"@id":"https:\/\/lumora-raio.com\/#website"},"primaryImageOfPage":{"@id":"https:\/\/lumora-raio.com\/education\/#primaryimage"},"image":{"@id":"https:\/\/lumora-raio.com\/education\/#primaryimage"},"thumbnailUrl":"https:\/\/lumora-raio.com\/wp-content\/uploads\/2025\/10\/ChatGPT-Image-Oct-22-2025-10_39_57-PM.png","datePublished":"2025-10-22T19:56:03+00:00","dateModified":"2026-03-24T20:54:20+00:00","description":"Explore women\u2019s health tips and the Lumora-Raio Hormonal Health Guide. Science-based insights from prenatal life to postmenopause.","breadcrumb":{"@id":"https:\/\/lumora-raio.com\/education\/#breadcrumb"},"inLanguage":"fr-FR","potentialAction":[{"@type":"ReadAction","target":["https:\/\/lumora-raio.com\/education\/"]}]},{"@type":"ImageObject","inLanguage":"fr-FR","@id":"https:\/\/lumora-raio.com\/education\/#primaryimage","url":"https:\/\/lumora-raio.com\/wp-content\/uploads\/2025\/10\/ChatGPT-Image-Oct-22-2025-10_39_57-PM.png","contentUrl":"https:\/\/lumora-raio.com\/wp-content\/uploads\/2025\/10\/ChatGPT-Image-Oct-22-2025-10_39_57-PM.png","width":1024,"height":1536},{"@type":"BreadcrumbList","@id":"https:\/\/lumora-raio.com\/education\/#breadcrumb","itemListElement":[{"@type":"ListItem","position":1,"name":"Home","item":"https:\/\/lumora-raio.com\/"},{"@type":"ListItem","position":2,"name":"Education"}]},{"@type":"WebSite","@id":"https:\/\/lumora-raio.com\/#website","url":"https:\/\/lumora-raio.com\/","name":"Lumora-Raio","description":"A space for conscious evolution, inner guidance, and vital balance.","publisher":{"@id":"https:\/\/lumora-raio.com\/#\/schema\/person\/9e58cd63c44ce21195edba9c99f88903"},"potentialAction":[{"@type":"SearchAction","target":{"@type":"EntryPoint","urlTemplate":"https:\/\/lumora-raio.com\/?s={search_term_string}"},"query-input":{"@type":"PropertyValueSpecification","valueRequired":true,"valueName":"search_term_string"}}],"inLanguage":"fr-FR"},{"@type":["Person","Organization"],"@id":"https:\/\/lumora-raio.com\/#\/schema\/person\/9e58cd63c44ce21195edba9c99f88903","name":"admin","image":{"@type":"ImageObject","inLanguage":"fr-FR","@id":"https:\/\/lumora-raio.com\/wp-content\/uploads\/2025\/09\/logo-site-1.png","url":"https:\/\/lumora-raio.com\/wp-content\/uploads\/2025\/09\/logo-site-1.png","contentUrl":"https:\/\/lumora-raio.com\/wp-content\/uploads\/2025\/09\/logo-site-1.png","width":416,"height":386,"caption":"admin"},"logo":{"@id":"https:\/\/lumora-raio.com\/wp-content\/uploads\/2025\/09\/logo-site-1.png"},"sameAs":["https:\/\/lumora-raio.com"]}]}},"_links":{"self":[{"href":"https:\/\/lumora-raio.com\/fr\/wp-json\/wp\/v2\/pages\/389","targetHints":{"allow":["GET"]}}],"collection":[{"href":"https:\/\/lumora-raio.com\/fr\/wp-json\/wp\/v2\/pages"}],"about":[{"href":"https:\/\/lumora-raio.com\/fr\/wp-json\/wp\/v2\/types\/page"}],"author":[{"embeddable":true,"href":"https:\/\/lumora-raio.com\/fr\/wp-json\/wp\/v2\/users\/1"}],"replies":[{"embeddable":true,"href":"https:\/\/lumora-raio.com\/fr\/wp-json\/wp\/v2\/comments?post=389"}],"version-history":[{"count":6,"href":"https:\/\/lumora-raio.com\/fr\/wp-json\/wp\/v2\/pages\/389\/revisions"}],"predecessor-version":[{"id":571,"href":"https:\/\/lumora-raio.com\/fr\/wp-json\/wp\/v2\/pages\/389\/revisions\/571"}],"wp:featuredmedia":[{"embeddable":true,"href":"https:\/\/lumora-raio.com\/fr\/wp-json\/wp\/v2\/media\/396"}],"wp:attachment":[{"href":"https:\/\/lumora-raio.com\/fr\/wp-json\/wp\/v2\/media?parent=389"}],"curies":[{"name":"wp","href":"https:\/\/api.w.org\/{rel}","templated":true}]}}