{"id":52,"date":"2025-08-04T13:01:38","date_gmt":"2025-08-04T13:01:38","guid":{"rendered":"https:\/\/lumora-raio.com\/checkout\/"},"modified":"2025-10-09T18:26:31","modified_gmt":"2025-10-09T18:26:31","slug":"checkout","status":"publish","type":"page","link":"https:\/\/lumora-raio.com\/fr\/checkout\/","title":{"rendered":"Sortie de caisse"},"content":{"rendered":"<span class=\"edd_empty_cart\">Votre panier est vide.<\/span>\n\n\n<p>\u26a0\ufe0f <strong>Avis de non-responsabilit\u00e9 :<\/strong><br>Ce guide est destin\u00e9 \u00e0 des fins \u00e9ducatives uniquement et ne doit pas \u00eatre utilis\u00e9 comme substitut \u00e0 une \u00e9valuation, un diagnostic ou un traitement m\u00e9dical professionnel. Consultez toujours votre fournisseur de soins de sant\u00e9 pour obtenir des conseils m\u00e9dicaux personnalis\u00e9s.<\/p>\n\n\n\n<p><\/p>","protected":false},"excerpt":{"rendered":"<p>\u26a0\ufe0f Disclaimer:This guide is intended for educational purposes only and should not be used as a substitute for professional medical evaluation, diagnosis, or treatment. Always consult your healthcare provider for personalized medical advice.<\/p>","protected":false},"author":1,"featured_media":0,"parent":0,"menu_order":0,"comment_status":"closed","ping_status":"closed","template":"","meta":{"_kad_post_transparent":"","_kad_post_title":"","_kad_post_layout":"","_kad_post_sidebar_id":"","_kad_post_content_style":"","_kad_post_vertical_padding":"","_kad_post_feature":"","_kad_post_feature_position":"","_kad_post_header":false,"_kad_post_footer":false,"_kad_post_classname":"","footnotes":""},"class_list":["post-52","page","type-page","status-publish","hentry"],"yoast_head":"<!-- This site is optimized with the Yoast SEO plugin v27.3 - https:\/\/yoast.com\/product\/yoast-seo-wordpress\/ -->\n<title>Checkout - Lumora-Raio<\/title>\n<meta name=\"description\" content=\"For educational purposes only and should not be used as a substitute for professional medical evaluation, diagnosis, or treatment.\" \/>\n<meta name=\"robots\" content=\"noindex, follow\" \/>\n<meta property=\"og:locale\" content=\"fr_FR\" \/>\n<meta property=\"og:type\" content=\"article\" \/>\n<meta property=\"og:title\" content=\"Checkout - Lumora-Raio\" \/>\n<meta property=\"og:description\" content=\"For educational purposes only and should not be used as a substitute for professional medical evaluation, diagnosis, or treatment.\" \/>\n<meta property=\"og:url\" content=\"https:\/\/lumora-raio.com\/fr\/checkout\/\" \/>\n<meta property=\"og:site_name\" content=\"Lumora-Raio\" \/>\n<meta property=\"article:modified_time\" content=\"2025-10-09T18:26:31+00:00\" \/>\n<meta name=\"twitter:card\" content=\"summary_large_image\" \/>\n<meta name=\"twitter:label1\" content=\"Dur\u00e9e de lecture estim\u00e9e\" \/>\n\t<meta name=\"twitter:data1\" content=\"1 minute\" \/>\n<script type=\"application\/ld+json\" class=\"yoast-schema-graph\">{\"@context\":\"https:\\\/\\\/schema.org\",\"@graph\":[{\"@type\":\"WebPage\",\"@id\":\"https:\\\/\\\/lumora-raio.com\\\/checkout\\\/\",\"url\":\"https:\\\/\\\/lumora-raio.com\\\/checkout\\\/\",\"name\":\"Checkout - Lumora-Raio\",\"isPartOf\":{\"@id\":\"https:\\\/\\\/lumora-raio.com\\\/#website\"},\"datePublished\":\"2025-08-04T13:01:38+00:00\",\"dateModified\":\"2025-10-09T18:26:31+00:00\",\"description\":\"For educational purposes only and should not be used as a substitute for professional medical evaluation, diagnosis, or treatment.\",\"breadcrumb\":{\"@id\":\"https:\\\/\\\/lumora-raio.com\\\/checkout\\\/#breadcrumb\"},\"inLanguage\":\"fr-FR\",\"potentialAction\":[{\"@type\":\"ReadAction\",\"target\":[\"https:\\\/\\\/lumora-raio.com\\\/checkout\\\/\"]}]},{\"@type\":\"BreadcrumbList\",\"@id\":\"https:\\\/\\\/lumora-raio.com\\\/checkout\\\/#breadcrumb\",\"itemListElement\":[{\"@type\":\"ListItem\",\"position\":1,\"name\":\"Home\",\"item\":\"https:\\\/\\\/lumora-raio.com\\\/\"},{\"@type\":\"ListItem\",\"position\":2,\"name\":\"Checkout\"}]},{\"@type\":\"WebSite\",\"@id\":\"https:\\\/\\\/lumora-raio.com\\\/#website\",\"url\":\"https:\\\/\\\/lumora-raio.com\\\/\",\"name\":\"Lumora-Raio\",\"description\":\"A space for conscious evolution, inner guidance, and vital balance.\",\"publisher\":{\"@id\":\"https:\\\/\\\/lumora-raio.com\\\/#\\\/schema\\\/person\\\/9e58cd63c44ce21195edba9c99f88903\"},\"potentialAction\":[{\"@type\":\"SearchAction\",\"target\":{\"@type\":\"EntryPoint\",\"urlTemplate\":\"https:\\\/\\\/lumora-raio.com\\\/?s={search_term_string}\"},\"query-input\":{\"@type\":\"PropertyValueSpecification\",\"valueRequired\":true,\"valueName\":\"search_term_string\"}}],\"inLanguage\":\"fr-FR\"},{\"@type\":[\"Person\",\"Organization\"],\"@id\":\"https:\\\/\\\/lumora-raio.com\\\/#\\\/schema\\\/person\\\/9e58cd63c44ce21195edba9c99f88903\",\"name\":\"admin\",\"image\":{\"@type\":\"ImageObject\",\"inLanguage\":\"fr-FR\",\"@id\":\"https:\\\/\\\/lumora-raio.com\\\/wp-content\\\/uploads\\\/2025\\\/09\\\/logo-site-1.png\",\"url\":\"https:\\\/\\\/lumora-raio.com\\\/wp-content\\\/uploads\\\/2025\\\/09\\\/logo-site-1.png\",\"contentUrl\":\"https:\\\/\\\/lumora-raio.com\\\/wp-content\\\/uploads\\\/2025\\\/09\\\/logo-site-1.png\",\"width\":416,\"height\":386,\"caption\":\"admin\"},\"logo\":{\"@id\":\"https:\\\/\\\/lumora-raio.com\\\/wp-content\\\/uploads\\\/2025\\\/09\\\/logo-site-1.png\"},\"sameAs\":[\"https:\\\/\\\/lumora-raio.com\"]}]}<\/script>\n<!-- \/ Yoast SEO plugin. -->","yoast_head_json":{"title":"Checkout - Lumora-Raio","description":"For educational purposes only and should not be used as a substitute for professional medical evaluation, diagnosis, or treatment.","robots":{"index":"noindex","follow":"follow"},"og_locale":"fr_FR","og_type":"article","og_title":"Checkout - Lumora-Raio","og_description":"For educational purposes only and should not be used as a substitute for professional medical evaluation, diagnosis, or treatment.","og_url":"https:\/\/lumora-raio.com\/fr\/checkout\/","og_site_name":"Lumora-Raio","article_modified_time":"2025-10-09T18:26:31+00:00","twitter_card":"summary_large_image","twitter_misc":{"Dur\u00e9e de lecture estim\u00e9e":"1 minute"},"schema":{"@context":"https:\/\/schema.org","@graph":[{"@type":"WebPage","@id":"https:\/\/lumora-raio.com\/checkout\/","url":"https:\/\/lumora-raio.com\/checkout\/","name":"Checkout - Lumora-Raio","isPartOf":{"@id":"https:\/\/lumora-raio.com\/#website"},"datePublished":"2025-08-04T13:01:38+00:00","dateModified":"2025-10-09T18:26:31+00:00","description":"For educational purposes only and should not be used as a substitute for professional medical evaluation, diagnosis, or treatment.","breadcrumb":{"@id":"https:\/\/lumora-raio.com\/checkout\/#breadcrumb"},"inLanguage":"fr-FR","potentialAction":[{"@type":"ReadAction","target":["https:\/\/lumora-raio.com\/checkout\/"]}]},{"@type":"BreadcrumbList","@id":"https:\/\/lumora-raio.com\/checkout\/#breadcrumb","itemListElement":[{"@type":"ListItem","position":1,"name":"Home","item":"https:\/\/lumora-raio.com\/"},{"@type":"ListItem","position":2,"name":"Checkout"}]},{"@type":"WebSite","@id":"https:\/\/lumora-raio.com\/#website","url":"https:\/\/lumora-raio.com\/","name":"Lumora-Raio","description":"A space for conscious evolution, inner guidance, and vital balance.","publisher":{"@id":"https:\/\/lumora-raio.com\/#\/schema\/person\/9e58cd63c44ce21195edba9c99f88903"},"potentialAction":[{"@type":"SearchAction","target":{"@type":"EntryPoint","urlTemplate":"https:\/\/lumora-raio.com\/?s={search_term_string}"},"query-input":{"@type":"PropertyValueSpecification","valueRequired":true,"valueName":"search_term_string"}}],"inLanguage":"fr-FR"},{"@type":["Person","Organization"],"@id":"https:\/\/lumora-raio.com\/#\/schema\/person\/9e58cd63c44ce21195edba9c99f88903","name":"admin","image":{"@type":"ImageObject","inLanguage":"fr-FR","@id":"https:\/\/lumora-raio.com\/wp-content\/uploads\/2025\/09\/logo-site-1.png","url":"https:\/\/lumora-raio.com\/wp-content\/uploads\/2025\/09\/logo-site-1.png","contentUrl":"https:\/\/lumora-raio.com\/wp-content\/uploads\/2025\/09\/logo-site-1.png","width":416,"height":386,"caption":"admin"},"logo":{"@id":"https:\/\/lumora-raio.com\/wp-content\/uploads\/2025\/09\/logo-site-1.png"},"sameAs":["https:\/\/lumora-raio.com"]}]}},"_links":{"self":[{"href":"https:\/\/lumora-raio.com\/fr\/wp-json\/wp\/v2\/pages\/52","targetHints":{"allow":["GET"]}}],"collection":[{"href":"https:\/\/lumora-raio.com\/fr\/wp-json\/wp\/v2\/pages"}],"about":[{"href":"https:\/\/lumora-raio.com\/fr\/wp-json\/wp\/v2\/types\/page"}],"author":[{"embeddable":true,"href":"https:\/\/lumora-raio.com\/fr\/wp-json\/wp\/v2\/users\/1"}],"replies":[{"embeddable":true,"href":"https:\/\/lumora-raio.com\/fr\/wp-json\/wp\/v2\/comments?post=52"}],"version-history":[{"count":3,"href":"https:\/\/lumora-raio.com\/fr\/wp-json\/wp\/v2\/pages\/52\/revisions"}],"predecessor-version":[{"id":236,"href":"https:\/\/lumora-raio.com\/fr\/wp-json\/wp\/v2\/pages\/52\/revisions\/236"}],"wp:attachment":[{"href":"https:\/\/lumora-raio.com\/fr\/wp-json\/wp\/v2\/media?parent=52"}],"curies":[{"name":"wp","href":"https:\/\/api.w.org\/{rel}","templated":true}]}}