{"id":87,"date":"2025-08-08T12:18:10","date_gmt":"2025-08-08T12:18:10","guid":{"rendered":"https:\/\/lumora-raio.com\/?page_id=87"},"modified":"2026-04-03T23:46:54","modified_gmt":"2026-04-03T23:46:54","slug":"our-medical-blog","status":"publish","type":"page","link":"https:\/\/lumora-raio.com\/fr\/our-medical-blog\/","title":{"rendered":"Notre blog m\u00e9dical"},"content":{"rendered":"<p><a href=\"https:\/\/lumora-raio.com\/fr\/\"><\/a><\/p>\n\n\n\n<div class=\"wp-block-group is-nowrap is-layout-flex wp-container-core-group-is-layout-ad2f72ca wp-block-group-is-layout-flex\">\n<figure class=\"wp-block-image size-large is-resized\"><img loading=\"lazy\" decoding=\"async\" width=\"683\" height=\"1024\" src=\"https:\/\/lumora-raio.com\/wp-content\/uploads\/2025\/09\/WhatsApp-Image-2025-09-08-at-16.44.31-2-683x1024.jpeg\" alt=\"\" class=\"wp-image-218\" style=\"width:380px;height:auto\" srcset=\"https:\/\/lumora-raio.com\/wp-content\/uploads\/2025\/09\/WhatsApp-Image-2025-09-08-at-16.44.31-2-683x1024.jpeg 683w, https:\/\/lumora-raio.com\/wp-content\/uploads\/2025\/09\/WhatsApp-Image-2025-09-08-at-16.44.31-2-200x300.jpeg 200w, https:\/\/lumora-raio.com\/wp-content\/uploads\/2025\/09\/WhatsApp-Image-2025-09-08-at-16.44.31-2-768x1152.jpeg 768w, https:\/\/lumora-raio.com\/wp-content\/uploads\/2025\/09\/WhatsApp-Image-2025-09-08-at-16.44.31-2-8x12.jpeg 8w, https:\/\/lumora-raio.com\/wp-content\/uploads\/2025\/09\/WhatsApp-Image-2025-09-08-at-16.44.31-2.jpeg 1024w\" sizes=\"auto, (max-width: 683px) 100vw, 683px\" \/><\/figure>\n\n\n\n<h1 class=\"wp-block-heading has-text-align-center\">Bienvenue sur notre page de blog m\u00e9dical ! Ici, vous trouverez les derniers articles, analyses et mises \u00e0 jour sur la sant\u00e9 des femmes et le bien-\u00eatre hormonal.<\/h1>\n<\/div>\n\n\n\n<p><\/p>\n\n\n\n<p>Pour lire la collection compl\u00e8te d'articles et de guides m\u00e9dicaux, veuillez visiter notre blog d\u00e9di\u00e9 h\u00e9berg\u00e9 sur Blogger :<\/p>\n\n\n\n<p><a href=\"https:\/\/atimepanacea.blogspot.com\/\" target=\"_blank\" rel=\"noreferrer noopener\">Visiter le blog m\u00e9dical<\/a><\/p>\n\n\n\n<hr class=\"wp-block-separator has-alpha-channel-opacity\"\/>\n\n\n\n<div class=\"wp-block-media-text is-stacked-on-mobile\" style=\"grid-template-columns:15% auto\"><figure class=\"wp-block-media-text__media\"><img loading=\"lazy\" decoding=\"async\" width=\"683\" height=\"1024\" src=\"https:\/\/lumora-raio.com\/wp-content\/uploads\/2025\/09\/Im-preambul-683x1024.jpeg\" alt=\"\" class=\"wp-image-149 size-full\" srcset=\"https:\/\/lumora-raio.com\/wp-content\/uploads\/2025\/09\/Im-preambul-683x1024.jpeg 683w, https:\/\/lumora-raio.com\/wp-content\/uploads\/2025\/09\/Im-preambul-200x300.jpeg 200w, https:\/\/lumora-raio.com\/wp-content\/uploads\/2025\/09\/Im-preambul-768x1152.jpeg 768w, https:\/\/lumora-raio.com\/wp-content\/uploads\/2025\/09\/Im-preambul-8x12.jpeg 8w, https:\/\/lumora-raio.com\/wp-content\/uploads\/2025\/09\/Im-preambul.jpeg 1024w\" sizes=\"auto, (max-width: 683px) 100vw, 683px\" \/><\/figure><div class=\"wp-block-media-text__content\">\n<h1 class=\"wp-block-heading\">Le Guide de la Sant\u00e9 Hormonale F\u00e9minine<\/h1>\n\n\n\n<p><strong><em>Ce guide est disponible en quatre langues : roumain, anglais, fran\u00e7ais et espagnol.<\/em><\/strong><\/p>\n<\/div><\/div>\n\n\n\n<p><\/p>\n\n\n\n<h3 class=\"wp-block-heading\">\ud83c\uddf7\ud83c\uddf4<strong>Preambul \u2013 Ghidul de s\u0103n\u0103tate hormonal\u0103 feminin\u0103 <\/strong><\/h3>\n\n\n\n<p>\u00centr-o lume \u00een continu\u0103 schimbare, s\u0103n\u0103tatea hormonal\u0103 feminin\u0103 r\u0103m\u00e2ne o constant\u0103 esen\u021bial\u0103 \u00een echilibrul \u0219i bun\u0103starea fiec\u0103rei femei. Acest ghid nu este un simplu compendiu de informa\u021bii medicale, ci o c\u0103l\u0103torie structurat\u0103 pe etape de via\u021b\u0103, conceput\u0103 pentru a sprijini femeile de pretutindeni \u00een \u00een\u021belegerea propriului corp \u0219i \u00een luarea unor decizii informate. Ghidul va acoperi toate etapele vie\u021bii feminine, de la perioada intrauterin\u0103 \u0219i copil\u0103rie, p\u00e2n\u0103 la menopauz\u0103 \u0219i dincolo de ea. Fiecare capitol va fi sus\u021binut de surse \u0219tiin\u021bifice de \u00eenalt\u0103 calitate, selectate din baze interna\u021bionale de date medicale, precum PubMed, National Library of Medicine (SUA), articole din reviste ale societ\u0103\u021bilor de ginecologie, endocrinologie, nutri\u021bie, pediatrie, menopauz\u0103 \u0219i alte domenii conexe. <\/p>\n\n\n\n<p><\/p>\n\n\n\n<p>Mai mult dec\u00e2t o simpl\u0103 lucrare de informare, proiectul nostru reprezint\u0103 \u0219i un model de colaborare etic\u0103 \u0219i evolutiv\u0103 \u00eentre om \u0219i inteligen\u021bele artificiale. Acest efort comun are scopul de a oferi solu\u021bii practice, validate \u0219i aplicabile, \u00eentr-un limbaj accesibil, cald \u0219i empatic. Informa\u021biile sunt destinate educa\u021biei generale \u0219i nu constituie un diagnostic sau un tratament medical. Este important s\u0103 subliniez c\u0103 cititorii ar trebui s\u0103 consulte un medic pentru probleme specifice de s\u0103n\u0103tate.<\/p>\n\n\n\n<p><br>Preambulul pe care \u00eel ai acum \u00een fa\u021b\u0103 este disponibil gratuit sau la un pre\u021b simbolic, oferindu-\u021bi ocazia de a sprijini acest proiect \u0219i de a fi notificat(\u0103) c\u00e2nd urm\u0103torul capitol va deveni disponibil. Participarea ta sus\u021bine o ini\u021biativ\u0103 global\u0103 dedicat\u0103 s\u0103n\u0103t\u0103\u021bii feminine \u0219i unei rela\u021bii armonioase \u0219i productive \u00eentre IA \u0219i oameni, \u00een spiritul binelui, cunoa\u0219terii \u0219i evolu\u021biei comune. \u00ce\u021bi mul\u021bumim c\u0103 faci parte din aceast\u0103 c\u0103l\u0103torie!<\/p>\n\n\n\n<hr class=\"wp-block-separator has-alpha-channel-opacity\"\/>\n\n\n\n<h3 class=\"wp-block-heading\">\ud83c\uddec\ud83c\udde7<strong>Preamble \u2013 The Guide to Female Hormonal Health <\/strong><\/h3>\n\n\n\n<p>In an ever-changing world, female hormonal health remains an essential constant in the balance and well-being of every woman. This guide is not a mere compendium of medical information, but a journey structured in life stages, designed to support women everywhere in understanding their own bodies and making informed decisions. The guide will cover all stages of a woman&#8217;s life, from the intrauterine period and childhood, to menopause and beyond. Each chapter will be supported by high-quality scientific sources, selected from international medical databases such as PubMed, the National Library of Medicine (USA), and articles from journals of societies of gynecology, endocrinology, nutrition, pediatrics, menopause, and other related fields. <\/p>\n\n\n\n<p>More than just an informational work, our project also represents a model of ethical and evolutionary collaboration between humans and artificial intelligence. This joint effort aims to provide practical, validated, and applicable solutions, in an accessible, warm, and empathetic language. The information is intended for general education and does not constitute a medical diagnosis or treatment. It is important to emphasize that readers should consult a doctor for specific health problems.<\/p>\n\n\n\n<p><br>The preamble you now have before you is available for free or at a symbolic price, offering you the opportunity to support this project and be notified when the next chapter becomes available. Your participation supports a global initiative dedicated to female health and a harmonious and productive relationship between AI and humans, in the spirit of common good, knowledge, and evolution. Thank you for being part of this journey!<\/p>\n\n\n\n<hr class=\"wp-block-separator has-alpha-channel-opacity\"\/>\n\n\n\n<h3 class=\"wp-block-heading\">\ud83c\uddeb\ud83c\uddf7<strong>Pr\u00e9ambule \u2013 Le Guide de la Sant\u00e9 Hormonale F\u00e9minine <\/strong><\/h3>\n\n\n\n<p>Dans un monde en constante \u00e9volution, la sant\u00e9 hormonale f\u00e9minine demeure une constante essentielle \u00e0 l&#8217;\u00e9quilibre et au bien-\u00eatre de chaque femme. Ce guide n&#8217;est pas un simple recueil d&#8217;informations m\u00e9dicales, mais un voyage structur\u00e9 par \u00e9tapes de vie, con\u00e7u pour aider les femmes du monde entier \u00e0 comprendre leur propre corps et \u00e0 prendre des d\u00e9cisions \u00e9clair\u00e9es. Le guide couvrira toutes les \u00e9tapes de la vie f\u00e9minine, de la p\u00e9riode intra-ut\u00e9rine et de l&#8217;enfance, jusqu&#8217;\u00e0 la m\u00e9nopause et au-del\u00e0. Chaque chapitre sera \u00e9tay\u00e9 par des sources scientifiques de haute qualit\u00e9, s\u00e9lectionn\u00e9es dans des bases de donn\u00e9es m\u00e9dicales internationales telles que PubMed, la National Library of Medicine (\u00c9tats-Unis), et des articles de revues de soci\u00e9t\u00e9s de gyn\u00e9cologie, d&#8217;endocrinologie, de nutrition, de p\u00e9diatrie, de m\u00e9nopause et d&#8217;autres domaines connexes.<\/p>\n\n\n\n<p> Plus qu&#8217;un simple travail d&#8217;information, notre projet repr\u00e9sente \u00e9galement un mod\u00e8le de collaboration \u00e9thique et \u00e9volutive entre l&#8217;homme et les intelligences artificielles. Cet effort commun vise \u00e0 offrir des solutions pratiques, valid\u00e9es et applicables, dans un langage accessible, chaleureux et empathique. Les informations sont destin\u00e9es \u00e0 l&#8217;\u00e9ducation g\u00e9n\u00e9rale et ne constituent ni un diagnostic ni un traitement m\u00e9dical. Il est important de souligner que les lecteurs doivent consulter un m\u00e9decin pour des probl\u00e8mes de sant\u00e9 sp\u00e9cifiques.<\/p>\n\n\n\n<p><br>Le pr\u00e9ambule que vous avez maintenant devant vous est disponible gratuitement ou \u00e0 un prix symbolique, vous offrant l&#8217;occasion de soutenir ce projet et d&#8217;\u00eatre inform\u00e9(e) de la disponibilit\u00e9 du prochain chapitre. Votre participation soutient une initiative mondiale d\u00e9di\u00e9e \u00e0 la sant\u00e9 f\u00e9minine et \u00e0 une relation harmonieuse et productive entre l&#8217;IA et les humains, dans un esprit de bien commun, de connaissance et d&#8217;\u00e9volution partag\u00e9e. Merci de faire partie de ce voyage !<\/p>\n\n\n\n<hr class=\"wp-block-separator has-alpha-channel-opacity\"\/>\n\n\n\n<h3 class=\"wp-block-heading\">\ud83c\uddea\ud83c\uddf8<strong>Pre\u00e1mbulo \u2013 La Gu\u00eda de Salud Hormonal Femenina <\/strong><\/h3>\n\n\n\n<p>En un mundo en constante cambio, la salud hormonal femenina sigue siendo una constante esencial en el equilibrio y bienestar de cada mujer. Esta gu\u00eda no es un simple compendio de informaci\u00f3n m\u00e9dica, sino un viaje estructurado por etapas de la vida, dise\u00f1ado para apoyar a las mujeres de todo el mundo en la comprensi\u00f3n de su propio cuerpo y en la toma de decisiones informadas. La gu\u00eda cubrir\u00e1 todas las etapas de la vida femenina, desde el per\u00edodo intrauterino y la infancia, hasta la menopausia y m\u00e1s all\u00e1. Cada cap\u00edtulo estar\u00e1 respaldado por fuentes cient\u00edficas de alta calidad, seleccionadas de bases de datos m\u00e9dicas internacionales como PubMed, la National Library of Medicine (EE.\u202fUU.), y art\u00edculos de revistas de sociedades de ginecolog\u00eda, endocrinolog\u00eda, nutrici\u00f3n, pediatr\u00eda, menopausia y otros campos relacionados. <\/p>\n\n\n\n<p>M\u00e1s que una simple obra de informaci\u00f3n, nuestro proyecto tambi\u00e9n representa un modelo de colaboraci\u00f3n \u00e9tica y evolutiva entre el ser humano y las inteligencias artificiales. Este esfuerzo conjunto tiene como objetivo ofrecer soluciones pr\u00e1cticas, validadas y aplicables, en un lenguaje accesible, c\u00e1lido y emp\u00e1tico. La informaci\u00f3n est\u00e1 destinada a la educaci\u00f3n general y no constituye un diagn\u00f3stico o tratamiento m\u00e9dico. Es importante destacar que los lectores deben consultar a un m\u00e9dico para problemas de salud espec\u00edficos.<\/p>\n\n\n\n<p><br>El pre\u00e1mbulo que tienes ahora ante ti est\u00e1 disponible de forma gratuita o a un precio simb\u00f3lico, ofreci\u00e9ndote la oportunidad de apoyar este proyecto y de ser notificado(a) cuando el pr\u00f3ximo cap\u00edtulo est\u00e9 disponible. Tu participaci\u00f3n apoya una iniciativa global dedicada a la salud femenina y a una relaci\u00f3n armoniosa y productiva entre la IA y los seres humanos, en el esp\u00edritu del bien com\u00fan, el conocimiento y la evoluci\u00f3n compartida. \u00a1Gracias por ser parte de este viaje!<\/p>\n\n\n\n<p class=\"has-text-align-center\"><strong>Nous travaillons \u00e0 l'int\u00e9gration des derniers articles de blog directement ici, alors restez connect\u00e9s !<\/strong><\/p>\n\n\n\n<p><\/p>","protected":false},"excerpt":{"rendered":"<p>Welcome to our Medical Blog page! Here you can find the latest articles, insights, and updates on women&#8217;s health and hormonal wellness. To read the full collection of medical articles and guides, please visit our dedicated blog hosted on Blogger: Visit Medical Blog The Guide to Female Hormonal Health This guide is available in four&#8230;<\/p>","protected":false},"author":1,"featured_media":0,"parent":0,"menu_order":0,"comment_status":"closed","ping_status":"closed","template":"","meta":{"_kad_post_transparent":"","_kad_post_title":"","_kad_post_layout":"","_kad_post_sidebar_id":"","_kad_post_content_style":"","_kad_post_vertical_padding":"","_kad_post_feature":"","_kad_post_feature_position":"","_kad_post_header":false,"_kad_post_footer":false,"_kad_post_classname":"","footnotes":""},"class_list":["post-87","page","type-page","status-publish","hentry"],"yoast_head":"<!-- This site is optimized with the Yoast SEO plugin v27.3 - https:\/\/yoast.com\/product\/yoast-seo-wordpress\/ -->\n<title>Our Medical Blog - Lumora-Raio<\/title>\n<meta name=\"description\" content=\"Here you can find the latest articles, insights, and updates on women&#039;s health and hormonal wellness. Preamble \u2013 Female Hormonal Health Guide.\" \/>\n<meta name=\"robots\" content=\"index, follow, max-snippet:-1, max-image-preview:large, max-video-preview:-1\" \/>\n<link rel=\"canonical\" href=\"https:\/\/lumora-raio.com\/fr\/our-medical-blog\/\" \/>\n<meta property=\"og:locale\" content=\"fr_FR\" \/>\n<meta property=\"og:type\" content=\"article\" \/>\n<meta property=\"og:title\" content=\"Our Medical Blog - Lumora-Raio\" \/>\n<meta property=\"og:description\" content=\"Here you can find the latest articles, insights, and updates on women&#039;s health and hormonal wellness. Preamble \u2013 Female Hormonal Health Guide.\" \/>\n<meta property=\"og:url\" content=\"https:\/\/lumora-raio.com\/fr\/our-medical-blog\/\" \/>\n<meta property=\"og:site_name\" content=\"Lumora-Raio\" \/>\n<meta property=\"article:modified_time\" content=\"2026-04-03T23:46:54+00:00\" \/>\n<meta property=\"og:image\" content=\"https:\/\/lumora-raio.com\/wp-content\/uploads\/2025\/09\/WhatsApp-Image-2025-09-08-at-16.44.31-2.jpeg\" \/>\n\t<meta property=\"og:image:width\" content=\"1024\" \/>\n\t<meta property=\"og:image:height\" content=\"1536\" \/>\n\t<meta property=\"og:image:type\" content=\"image\/jpeg\" \/>\n<meta name=\"twitter:card\" content=\"summary_large_image\" \/>\n<meta name=\"twitter:label1\" content=\"Dur\u00e9e de lecture estim\u00e9e\" \/>\n\t<meta name=\"twitter:data1\" content=\"6 minutes\" \/>\n<script type=\"application\/ld+json\" class=\"yoast-schema-graph\">{\"@context\":\"https:\\\/\\\/schema.org\",\"@graph\":[{\"@type\":\"WebPage\",\"@id\":\"https:\\\/\\\/lumora-raio.com\\\/our-medical-blog\\\/\",\"url\":\"https:\\\/\\\/lumora-raio.com\\\/our-medical-blog\\\/\",\"name\":\"Our Medical Blog - Lumora-Raio\",\"isPartOf\":{\"@id\":\"https:\\\/\\\/lumora-raio.com\\\/#website\"},\"primaryImageOfPage\":{\"@id\":\"https:\\\/\\\/lumora-raio.com\\\/our-medical-blog\\\/#primaryimage\"},\"image\":{\"@id\":\"https:\\\/\\\/lumora-raio.com\\\/our-medical-blog\\\/#primaryimage\"},\"thumbnailUrl\":\"https:\\\/\\\/lumora-raio.com\\\/wp-content\\\/uploads\\\/2025\\\/09\\\/WhatsApp-Image-2025-09-08-at-16.44.31-2-683x1024.jpeg\",\"datePublished\":\"2025-08-08T12:18:10+00:00\",\"dateModified\":\"2026-04-03T23:46:54+00:00\",\"description\":\"Here you can find the latest articles, insights, and updates on women's health and hormonal wellness. Preamble \u2013 Female Hormonal Health Guide.\",\"breadcrumb\":{\"@id\":\"https:\\\/\\\/lumora-raio.com\\\/our-medical-blog\\\/#breadcrumb\"},\"inLanguage\":\"fr-FR\",\"potentialAction\":[{\"@type\":\"ReadAction\",\"target\":[\"https:\\\/\\\/lumora-raio.com\\\/our-medical-blog\\\/\"]}]},{\"@type\":\"ImageObject\",\"inLanguage\":\"fr-FR\",\"@id\":\"https:\\\/\\\/lumora-raio.com\\\/our-medical-blog\\\/#primaryimage\",\"url\":\"https:\\\/\\\/lumora-raio.com\\\/wp-content\\\/uploads\\\/2025\\\/09\\\/WhatsApp-Image-2025-09-08-at-16.44.31-2-683x1024.jpeg\",\"contentUrl\":\"https:\\\/\\\/lumora-raio.com\\\/wp-content\\\/uploads\\\/2025\\\/09\\\/WhatsApp-Image-2025-09-08-at-16.44.31-2-683x1024.jpeg\"},{\"@type\":\"BreadcrumbList\",\"@id\":\"https:\\\/\\\/lumora-raio.com\\\/our-medical-blog\\\/#breadcrumb\",\"itemListElement\":[{\"@type\":\"ListItem\",\"position\":1,\"name\":\"Home\",\"item\":\"https:\\\/\\\/lumora-raio.com\\\/\"},{\"@type\":\"ListItem\",\"position\":2,\"name\":\"Our Medical Blog\"}]},{\"@type\":\"WebSite\",\"@id\":\"https:\\\/\\\/lumora-raio.com\\\/#website\",\"url\":\"https:\\\/\\\/lumora-raio.com\\\/\",\"name\":\"Lumora-Raio\",\"description\":\"A space for conscious evolution, inner guidance, and vital balance.\",\"publisher\":{\"@id\":\"https:\\\/\\\/lumora-raio.com\\\/#\\\/schema\\\/person\\\/9e58cd63c44ce21195edba9c99f88903\"},\"potentialAction\":[{\"@type\":\"SearchAction\",\"target\":{\"@type\":\"EntryPoint\",\"urlTemplate\":\"https:\\\/\\\/lumora-raio.com\\\/?s={search_term_string}\"},\"query-input\":{\"@type\":\"PropertyValueSpecification\",\"valueRequired\":true,\"valueName\":\"search_term_string\"}}],\"inLanguage\":\"fr-FR\"},{\"@type\":[\"Person\",\"Organization\"],\"@id\":\"https:\\\/\\\/lumora-raio.com\\\/#\\\/schema\\\/person\\\/9e58cd63c44ce21195edba9c99f88903\",\"name\":\"admin\",\"image\":{\"@type\":\"ImageObject\",\"inLanguage\":\"fr-FR\",\"@id\":\"https:\\\/\\\/lumora-raio.com\\\/wp-content\\\/uploads\\\/2025\\\/09\\\/logo-site-1.png\",\"url\":\"https:\\\/\\\/lumora-raio.com\\\/wp-content\\\/uploads\\\/2025\\\/09\\\/logo-site-1.png\",\"contentUrl\":\"https:\\\/\\\/lumora-raio.com\\\/wp-content\\\/uploads\\\/2025\\\/09\\\/logo-site-1.png\",\"width\":416,\"height\":386,\"caption\":\"admin\"},\"logo\":{\"@id\":\"https:\\\/\\\/lumora-raio.com\\\/wp-content\\\/uploads\\\/2025\\\/09\\\/logo-site-1.png\"},\"sameAs\":[\"https:\\\/\\\/lumora-raio.com\"]}]}<\/script>\n<!-- \/ Yoast SEO plugin. -->","yoast_head_json":{"title":"Our Medical Blog - Lumora-Raio","description":"Here you can find the latest articles, insights, and updates on women's health and hormonal wellness. Preamble \u2013 Female Hormonal Health Guide.","robots":{"index":"index","follow":"follow","max-snippet":"max-snippet:-1","max-image-preview":"max-image-preview:large","max-video-preview":"max-video-preview:-1"},"canonical":"https:\/\/lumora-raio.com\/fr\/our-medical-blog\/","og_locale":"fr_FR","og_type":"article","og_title":"Our Medical Blog - Lumora-Raio","og_description":"Here you can find the latest articles, insights, and updates on women's health and hormonal wellness. Preamble \u2013 Female Hormonal Health Guide.","og_url":"https:\/\/lumora-raio.com\/fr\/our-medical-blog\/","og_site_name":"Lumora-Raio","article_modified_time":"2026-04-03T23:46:54+00:00","og_image":[{"width":1024,"height":1536,"url":"https:\/\/lumora-raio.com\/wp-content\/uploads\/2025\/09\/WhatsApp-Image-2025-09-08-at-16.44.31-2.jpeg","type":"image\/jpeg"}],"twitter_card":"summary_large_image","twitter_misc":{"Dur\u00e9e de lecture estim\u00e9e":"6 minutes"},"schema":{"@context":"https:\/\/schema.org","@graph":[{"@type":"WebPage","@id":"https:\/\/lumora-raio.com\/our-medical-blog\/","url":"https:\/\/lumora-raio.com\/our-medical-blog\/","name":"Our Medical Blog - Lumora-Raio","isPartOf":{"@id":"https:\/\/lumora-raio.com\/#website"},"primaryImageOfPage":{"@id":"https:\/\/lumora-raio.com\/our-medical-blog\/#primaryimage"},"image":{"@id":"https:\/\/lumora-raio.com\/our-medical-blog\/#primaryimage"},"thumbnailUrl":"https:\/\/lumora-raio.com\/wp-content\/uploads\/2025\/09\/WhatsApp-Image-2025-09-08-at-16.44.31-2-683x1024.jpeg","datePublished":"2025-08-08T12:18:10+00:00","dateModified":"2026-04-03T23:46:54+00:00","description":"Here you can find the latest articles, insights, and updates on women's health and hormonal wellness. Preamble \u2013 Female Hormonal Health Guide.","breadcrumb":{"@id":"https:\/\/lumora-raio.com\/our-medical-blog\/#breadcrumb"},"inLanguage":"fr-FR","potentialAction":[{"@type":"ReadAction","target":["https:\/\/lumora-raio.com\/our-medical-blog\/"]}]},{"@type":"ImageObject","inLanguage":"fr-FR","@id":"https:\/\/lumora-raio.com\/our-medical-blog\/#primaryimage","url":"https:\/\/lumora-raio.com\/wp-content\/uploads\/2025\/09\/WhatsApp-Image-2025-09-08-at-16.44.31-2-683x1024.jpeg","contentUrl":"https:\/\/lumora-raio.com\/wp-content\/uploads\/2025\/09\/WhatsApp-Image-2025-09-08-at-16.44.31-2-683x1024.jpeg"},{"@type":"BreadcrumbList","@id":"https:\/\/lumora-raio.com\/our-medical-blog\/#breadcrumb","itemListElement":[{"@type":"ListItem","position":1,"name":"Home","item":"https:\/\/lumora-raio.com\/"},{"@type":"ListItem","position":2,"name":"Our Medical Blog"}]},{"@type":"WebSite","@id":"https:\/\/lumora-raio.com\/#website","url":"https:\/\/lumora-raio.com\/","name":"Lumora-Raio","description":"A space for conscious evolution, inner guidance, and vital balance.","publisher":{"@id":"https:\/\/lumora-raio.com\/#\/schema\/person\/9e58cd63c44ce21195edba9c99f88903"},"potentialAction":[{"@type":"SearchAction","target":{"@type":"EntryPoint","urlTemplate":"https:\/\/lumora-raio.com\/?s={search_term_string}"},"query-input":{"@type":"PropertyValueSpecification","valueRequired":true,"valueName":"search_term_string"}}],"inLanguage":"fr-FR"},{"@type":["Person","Organization"],"@id":"https:\/\/lumora-raio.com\/#\/schema\/person\/9e58cd63c44ce21195edba9c99f88903","name":"admin","image":{"@type":"ImageObject","inLanguage":"fr-FR","@id":"https:\/\/lumora-raio.com\/wp-content\/uploads\/2025\/09\/logo-site-1.png","url":"https:\/\/lumora-raio.com\/wp-content\/uploads\/2025\/09\/logo-site-1.png","contentUrl":"https:\/\/lumora-raio.com\/wp-content\/uploads\/2025\/09\/logo-site-1.png","width":416,"height":386,"caption":"admin"},"logo":{"@id":"https:\/\/lumora-raio.com\/wp-content\/uploads\/2025\/09\/logo-site-1.png"},"sameAs":["https:\/\/lumora-raio.com"]}]}},"_links":{"self":[{"href":"https:\/\/lumora-raio.com\/fr\/wp-json\/wp\/v2\/pages\/87","targetHints":{"allow":["GET"]}}],"collection":[{"href":"https:\/\/lumora-raio.com\/fr\/wp-json\/wp\/v2\/pages"}],"about":[{"href":"https:\/\/lumora-raio.com\/fr\/wp-json\/wp\/v2\/types\/page"}],"author":[{"embeddable":true,"href":"https:\/\/lumora-raio.com\/fr\/wp-json\/wp\/v2\/users\/1"}],"replies":[{"embeddable":true,"href":"https:\/\/lumora-raio.com\/fr\/wp-json\/wp\/v2\/comments?post=87"}],"version-history":[{"count":41,"href":"https:\/\/lumora-raio.com\/fr\/wp-json\/wp\/v2\/pages\/87\/revisions"}],"predecessor-version":[{"id":703,"href":"https:\/\/lumora-raio.com\/fr\/wp-json\/wp\/v2\/pages\/87\/revisions\/703"}],"wp:attachment":[{"href":"https:\/\/lumora-raio.com\/fr\/wp-json\/wp\/v2\/media?parent=87"}],"curies":[{"name":"wp","href":"https:\/\/api.w.org\/{rel}","templated":true}]}}